{"id":11365,"date":"2016-11-24T15:04:49","date_gmt":"2016-11-24T15:04:49","guid":{"rendered":"http:\/\/opportunity.mikado-themes.com\/?page_id=11365"},"modified":"2026-01-22T23:37:20","modified_gmt":"2026-01-22T23:37:20","slug":"nous-contacter","status":"publish","type":"page","link":"https:\/\/rimonim-conseil.fr\/index.php\/nous-contacter\/","title":{"rendered":"Nous contacter"},"content":{"rendered":"<p>[vc_row content_width=&#8221;grid&#8221; css=&#8221;.vc_custom_1769043546937{padding-bottom: 50px !important;background-color: #ffffff !important;}&#8221; el_id=&#8221;rdvenligne&#8221;][vc_column offset=&#8221;vc_col-lg-12 vc_col-md-12&#8243; css=&#8221;.vc_custom_1769041976057{margin-top: 50px !important;}&#8221;][vc_row_inner content_aligment=&#8221;center&#8221; css=&#8221;.vc_custom_1769041341082{background-color: #ffffff !important;}&#8221;][vc_column_inner]<div class=\"mkd-section-title-holder\">\n\t<h2 class=\"mkd-section-title\" style=\"text-align: center\">\n\tPlanifier un rendez-vous en ligne<\/h2>\n<\/div>[vc_raw_html]JTNDJTIxLS0lMjBEJUMzJUE5YnV0JTIwZGUlMjB3aWRnZXQlMjBlbiUyMGxpZ25lJTIwQ2FsZW5kbHklMjAtLSUzRSUwQSUzQ2RpdiUyMGNsYXNzJTNEJTIyY2FsZW5kbHktaW5saW5lLXdpZGdldCUyMiUyMGRhdGEtdXJsJTNEJTIyaHR0cHMlM0ElMkYlMkZjYWxlbmRseS5jb20lMkZjb250YWN0LXJpbW9uaW0tY29uc2VpbCUyRjMwbWluJTNGaGlkZV9nZHByX2Jhbm5lciUzRDElMjIlMjBzdHlsZSUzRCUyMm1pbi13aWR0aCUzQTMyMHB4JTNCaGVpZ2h0JTNBOTAwcHglM0IlMjIlM0UlM0MlMkZkaXYlM0UlMEElM0NzY3JpcHQlMjB0eXBlJTNEJTIydGV4dCUyRmphdmFzY3JpcHQlMjIlMjBzcmMlM0QlMjJodHRwcyUzQSUyRiUyRmFzc2V0cy5jYWxlbmRseS5jb20lMkZhc3NldHMlMkZleHRlcm5hbCUyRndpZGdldC5qcyUyMiUyMGFzeW5jJTNFJTNDJTJGc2NyaXB0JTNFJTBBJTNDJTIxLS0lMjBGaW4lMjBkZSUyMHdpZGdldCUyMGVuJTIwbGlnbmUlMjBDYWxlbmRseSUyMC0tJTNF[\/vc_raw_html][\/vc_column_inner][\/vc_row_inner][\/vc_column][\/vc_row][vc_row content_width=&#8221;grid&#8221; css=&#8221;.vc_custom_1769043533145{padding-top: 117px !important;padding-bottom: 117px !important;background-color: #e8eff4 !important;}&#8221;][vc_column]<div class=\"mkd-elements-holder mkd-two-columns mkd-responsive-mode-1024\" ><div class=\"mkd-elements-holder-item mkd-horizontal-alignment-left\" data-item-class=\"mkd-elements-holder-custom-720815\" data-768-1024=\"0 10% 58px 0%\" data-600-768=\"0 10% 58px 0%\" data-480-600=\"0 10% 58px 0%\" data-480=\"0 10% 58px 0%\" >\n    <div class=\"mkd-elements-holder-item-inner\">\n        <div class=\"mkd-elements-holder-item-content mkd-elements-holder-custom-720815\" style=\"padding: 0 10% 20px 0%\">\n            <div class=\"mkd-section-title-holder\">\n\t<h2 class=\"mkd-section-title\" style=\"text-align: left\">\n\tNous contacter<\/h2>\n<\/div>[vc_empty_space height=&#8221;20px&#8221;]<div class=\"mkd-section-subtitle-holder mkd-section-subtitle-left\" >\n\t<h3 style=\"text-align: left\" class=\"mkd-section-subtitle\">Vous avez une question, un besoin sp\u00e9cifique ou souhaitez \u00eatre <b>accompagn\u00e9 dans la gestion de votre entreprise<\/b> ?<\/p>\n<p>D\u00e9crivez votre demande via le formulaire ci-contre. Nous vous recontacterons rapidement et en toute confidentialit\u00e9.<\/h3>\n<\/div>[vc_empty_space height=&#8221;27px&#8221;]        <\/div>\n    <\/div>\n<\/div><div class=\"mkd-elements-holder-item mkd-horizontal-alignment-left\" data-item-class=\"mkd-elements-holder-custom-724573\" >\n    <div class=\"mkd-elements-holder-item-inner\">\n        <div class=\"mkd-elements-holder-item-content mkd-elements-holder-custom-724573\" style=\"padding: 0 0 0 0\">\n            \n<div class=\"wpcf7 no-js\" id=\"wpcf7-f11376-o1\" lang=\"en-US\" dir=\"ltr\" data-wpcf7-id=\"11376\">\n<div class=\"screen-reader-response\"><p role=\"status\" aria-live=\"polite\" aria-atomic=\"true\"><\/p> <ul><\/ul><\/div>\n<form action=\"\/index.php\/wp-json\/wp\/v2\/pages\/11365#wpcf7-f11376-o1\" method=\"post\" class=\"wpcf7-form init cf7_custom_style_1\" aria-label=\"Contact form\" novalidate=\"novalidate\" data-status=\"init\">\n<fieldset class=\"hidden-fields-container\"><input type=\"hidden\" name=\"_wpcf7\" value=\"11376\" \/><input type=\"hidden\" name=\"_wpcf7_version\" value=\"6.1.4\" \/><input type=\"hidden\" name=\"_wpcf7_locale\" value=\"en_US\" \/><input type=\"hidden\" name=\"_wpcf7_unit_tag\" value=\"wpcf7-f11376-o1\" \/><input type=\"hidden\" name=\"_wpcf7_container_post\" value=\"0\" \/><input type=\"hidden\" name=\"_wpcf7_posted_data_hash\" value=\"\" \/>\n<\/fieldset>\n<div class=\"mkd-grid-row-small-gutter mkd-message-contact\">\n\t<div class=\"mkd-grid-col-6 mkd-smaller-gutter\">\n\t\t<p><span class=\"wpcf7-form-control-wrap\" data-name=\"your-name\"><input size=\"40\" maxlength=\"400\" class=\"wpcf7-form-control wpcf7-text wpcf7-validates-as-required\" aria-required=\"true\" aria-invalid=\"false\" placeholder=\"Pr\u00e9nom*\" value=\"\" type=\"text\" name=\"your-name\" \/><\/span>\n\t\t<\/p>\n\t<\/div>\n\t<div class=\"mkd-grid-col-6 mkd-smaller-gutter\">\n\t\t<p><span class=\"wpcf7-form-control-wrap\" data-name=\"your-name\"><input size=\"40\" maxlength=\"400\" class=\"wpcf7-form-control wpcf7-text wpcf7-validates-as-required\" aria-required=\"true\" aria-invalid=\"false\" placeholder=\"Nom*\" value=\"\" type=\"text\" name=\"your-name\" \/><\/span>\n\t\t<\/p>\n\t<\/div>\n\t<div class=\"mkd-grid-col-6 mkd-smaller-gutter\">\n\t\t<p><span class=\"wpcf7-form-control-wrap\" data-name=\"your-email\"><input size=\"40\" maxlength=\"400\" class=\"wpcf7-form-control wpcf7-email wpcf7-validates-as-required wpcf7-text wpcf7-validates-as-email\" aria-required=\"true\" aria-invalid=\"false\" placeholder=\"Email*\" value=\"\" type=\"email\" name=\"your-email\" \/><\/span>\n\t\t<\/p>\n\t<\/div>\n\t<div class=\"mkd-grid-col-6 mkd-smaller-gutter\">\n\t\t<p><span class=\"wpcf7-form-control-wrap\" data-name=\"phone\"><input size=\"40\" maxlength=\"400\" class=\"wpcf7-form-control wpcf7-text\" aria-invalid=\"false\" placeholder=\"Nom de votre soci\u00e9t\u00e9*\" value=\"\" type=\"text\" name=\"phone\" \/><\/span>\n\t\t<\/p>\n\t<\/div>\n\t<div class=\"mkd-grid-col-12 mkd-smaller-gutter mkd-write-message\">\n\t\t<p><span class=\"wpcf7-form-control-wrap\" data-name=\"your-message\"><textarea cols=\"40\" rows=\"10\" maxlength=\"2000\" class=\"wpcf7-form-control wpcf7-textarea wpcf7-validates-as-required\" aria-required=\"true\" aria-invalid=\"false\" placeholder=\"Ecrivez votre demande*\" name=\"your-message\"><\/textarea><\/span>\n\t\t<\/p>\n\t<\/div>\n<\/div>\n<p class= \"mkd-left-button\"><input class=\"wpcf7-form-control wpcf7-submit has-spinner mkd-contact2_map\" type=\"submit\" value=\"Envoyer\" \/>\n<\/p><div class=\"wpcf7-response-output\" aria-hidden=\"true\"><\/div>\n<\/form>\n<\/div>\n        <\/div>\n    <\/div>\n<\/div><\/div>[\/vc_column][\/vc_row][vc_row content_width=&#8221;grid&#8221; content_aligment=&#8221;center&#8221; css=&#8221;.vc_custom_1769042250421{background-color: #ffffff !important;}&#8221; el_id=&#8221;contactri&#8221;][vc_column offset=&#8221;vc_col-lg-12 vc_col-md-12&#8243; css=&#8221;.vc_custom_1769042115836{margin-top: 60px !important;margin-bottom: 50px !important;}&#8221;][vc_column_text]<\/p>\n<h4 style=\"text-align: left;\">Nos bureaux \u00e0 Paris<\/h4>\n<p>[\/vc_column_text][vc_empty_space height=&#8221;7px&#8221;][vc_column_text]<\/p>\n<p style=\"text-align: left;\">Rimonim Conseil est implant\u00e9 \u00e0 Paris, au plus pr\u00e8s des dirigeants, entrepreneurs et soci\u00e9t\u00e9s que nous accompagnons au quotidien.<\/p>\n<p style=\"text-align: left;\">Nous recevons nos clients dans nos bureaux parisiens ou intervenons partout en France gr\u00e2ce \u00e0 une organisation enti\u00e8rement digitalis\u00e9e, garantissant le m\u00eame niveau d\u2019exigence, de disponibilit\u00e9 et de confidentialit\u00e9.<\/p>\n<p>[\/vc_column_text][vc_empty_space height=&#8221;23px&#8221;]<div style=\"margin-bottom: 0px\" class=\"mkd-icon-list-item mkd-icon-list-item-default-font-family\">\n\t<div class=\"mkd-icon-list-icon-holder\">\n\t\t<div class=\"mkd-icon-list-icon-holder-inner clearfix\">\n\t\t\t<span aria-hidden=\"true\" class=\"mkd-icon-font-elegant icon_phone \" style=\"color:#043f71;font-size:16px\" ><\/span>\t\t<\/div>\n\t<\/div>\n\t<p class=\"mkd-icon-list-text\"  > +33 1 80 80 80 80<\/p>\n<\/div><div  class=\"mkd-icon-list-item mkd-icon-list-item-default-font-family\">\n\t<div class=\"mkd-icon-list-icon-holder\">\n\t\t<div class=\"mkd-icon-list-icon-holder-inner clearfix\">\n\t\t\t<span aria-hidden=\"true\" class=\"mkd-icon-font-elegant icon_comment \" style=\"color:#043f71;font-size:16px\" ><\/span>\t\t<\/div>\n\t<\/div>\n\t<p class=\"mkd-icon-list-text\"  > contact@rimonim-conseil.fr<\/p>\n<\/div><div style=\"margin-bottom: 0px\" class=\"mkd-icon-list-item mkd-icon-list-item-default-font-family\">\n\t<div class=\"mkd-icon-list-icon-holder\">\n\t\t<div class=\"mkd-icon-list-icon-holder-inner clearfix\">\n\t\t\t<span aria-hidden=\"true\" class=\"mkd-icon-font-elegant icon_pin \" style=\"color:#043f71;font-size:16px\" ><\/span>\t\t<\/div>\n\t<\/div>\n\t<p class=\"mkd-icon-list-text\"  > 29 rue du Colis\u00e9e 75008 Paris<\/p>\n<\/div>[vc_empty_space][\/vc_column][\/vc_row]<\/p>\n","protected":false},"excerpt":{"rendered":"<p>[vc_row content_width=&#8221;grid&#8221; css=&#8221;.vc_custom_1769043546937{padding-bottom: 50px !important;background-color: #ffffff !important;}&#8221; el_id=&#8221;rdvenligne&#8221;][vc_column offset=&#8221;vc_col-lg-12 vc_col-md-12&#8243; css=&#8221;.vc_custom_1769041976057{margin-top: 50px !important;}&#8221;][vc_row_inner content_aligment=&#8221;center&#8221; css=&#8221;.vc_custom_1769041341082{background-color: #ffffff !important;}&#8221;][vc_column_inner][vc_raw_html]JTNDJTIxLS0lMjBEJUMzJUE5YnV0JTIwZGUlMjB3aWRnZXQlMjBlbiUyMGxpZ25lJTIwQ2FsZW5kbHklMjAtLSUzRSUwQSUzQ2RpdiUyMGNsYXNzJTNEJTIyY2FsZW5kbHktaW5saW5lLXdpZGdldCUyMiUyMGRhdGEtdXJsJTNEJTIyaHR0cHMlM0ElMkYlMkZjYWxlbmRseS5jb20lMkZjb250YWN0LXJpbW9uaW0tY29uc2VpbCUyRjMwbWluJTNGaGlkZV9nZHByX2Jhbm5lciUzRDElMjIlMjBzdHlsZSUzRCUyMm1pbi13aWR0aCUzQTMyMHB4JTNCaGVpZ2h0JTNBOTAwcHglM0IlMjIlM0UlM0MlMkZkaXYlM0UlMEElM0NzY3JpcHQlMjB0eXBlJTNEJTIydGV4dCUyRmphdmFzY3JpcHQlMjIlMjBzcmMlM0QlMjJodHRwcyUzQSUyRiUyRmFzc2V0cy5jYWxlbmRseS5jb20lMkZhc3NldHMlMkZleHRlcm5hbCUyRndpZGdldC5qcyUyMiUyMGFzeW5jJTNFJTNDJTJGc2NyaXB0JTNFJTBBJTNDJTIxLS0lMjBGaW4lMjBkZSUyMHdpZGdldCUyMGVuJTIwbGlnbmUlMjBDYWxlbmRseSUyMC0tJTNF[\/vc_raw_html][\/vc_column_inner][\/vc_row_inner][\/vc_column][\/vc_row][vc_row content_width=&#8221;grid&#8221; css=&#8221;.vc_custom_1769043533145{padding-top: 117px !important;padding-bottom: 117px !important;background-color: #e8eff4 !important;}&#8221;][vc_column][\/vc_column][\/vc_row][vc_row content_width=&#8221;grid&#8221; content_aligment=&#8221;center&#8221; css=&#8221;.vc_custom_1769042250421{background-color: #ffffff !important;}&#8221; el_id=&#8221;contactri&#8221;][vc_column offset=&#8221;vc_col-lg-12 vc_col-md-12&#8243; css=&#8221;.vc_custom_1769042115836{margin-top: 60px !important;margin-bottom: 50px !important;}&#8221;][vc_column_text] Nos bureaux \u00e0 Paris [\/vc_column_text][vc_empty_space height=&#8221;7px&#8221;][vc_column_text] Rimonim&#8230;<\/p>\n","protected":false},"author":1,"featured_media":0,"parent":0,"menu_order":0,"comment_status":"closed","ping_status":"closed","template":"full-width.php","meta":{"footnotes":""},"class_list":["post-11365","page","type-page","status-publish","hentry"],"_links":{"self":[{"href":"https:\/\/rimonim-conseil.fr\/index.php\/wp-json\/wp\/v2\/pages\/11365","targetHints":{"allow":["GET"]}}],"collection":[{"href":"https:\/\/rimonim-conseil.fr\/index.php\/wp-json\/wp\/v2\/pages"}],"about":[{"href":"https:\/\/rimonim-conseil.fr\/index.php\/wp-json\/wp\/v2\/types\/page"}],"author":[{"embeddable":true,"href":"https:\/\/rimonim-conseil.fr\/index.php\/wp-json\/wp\/v2\/users\/1"}],"replies":[{"embeddable":true,"href":"https:\/\/rimonim-conseil.fr\/index.php\/wp-json\/wp\/v2\/comments?post=11365"}],"version-history":[{"count":31,"href":"https:\/\/rimonim-conseil.fr\/index.php\/wp-json\/wp\/v2\/pages\/11365\/revisions"}],"predecessor-version":[{"id":16481,"href":"https:\/\/rimonim-conseil.fr\/index.php\/wp-json\/wp\/v2\/pages\/11365\/revisions\/16481"}],"wp:attachment":[{"href":"https:\/\/rimonim-conseil.fr\/index.php\/wp-json\/wp\/v2\/media?parent=11365"}],"curies":[{"name":"wp","href":"https:\/\/api.w.org\/{rel}","templated":true}]}}